{"id":2176,"date":"2020-04-13T11:18:52","date_gmt":"2020-04-13T11:18:52","guid":{"rendered":"https:\/\/unidestek.pe\/index.php\/about-2\/"},"modified":"2022-04-12T17:26:35","modified_gmt":"2022-04-12T17:26:35","slug":"sobre-nosotros","status":"publish","type":"page","link":"https:\/\/unidestek.pe\/index.php\/sobre-nosotros\/","title":{"rendered":"Sobre Nosotros"},"content":{"rendered":"\n<div style=\"height:185px\" aria-hidden=\"true\" class=\"wp-block-spacer\"><\/div>\n\n\n\n<p class=\"has-text-align-center has-white-color has-black-background-color has-text-color has-background has-medium-font-size\">NUESTRA MISI\u00d3N<\/p>\n\n\n\n<div class=\"wp-block-media-text alignwide is-stacked-on-mobile\" style=\"grid-template-columns:48% auto\"><figure class=\"wp-block-media-text__media\"><img fetchpriority=\"high\" decoding=\"async\" width=\"1024\" height=\"683\" src=\"https:\/\/unidestek.pe\/wp-content\/uploads\/2022\/03\/pexels-thisisengineering-3861958-1-1024x683.jpg\" alt=\"\" class=\"wp-image-2280 size-full\" srcset=\"https:\/\/unidestek.pe\/wp-content\/uploads\/2022\/03\/pexels-thisisengineering-3861958-1-1024x683.jpg 1024w, https:\/\/unidestek.pe\/wp-content\/uploads\/2022\/03\/pexels-thisisengineering-3861958-1-300x200.jpg 300w, https:\/\/unidestek.pe\/wp-content\/uploads\/2022\/03\/pexels-thisisengineering-3861958-1-768x512.jpg 768w, https:\/\/unidestek.pe\/wp-content\/uploads\/2022\/03\/pexels-thisisengineering-3861958-1-1536x1025.jpg 1536w\" sizes=\"(max-width: 1024px) 100vw, 1024px\" \/><\/figure><div class=\"wp-block-media-text__content\">\n<p class=\"has-medium-font-size\">Somos una empresa innovadora en Servicios de Tecnologias de la Informaci\u00f3n , colaboramos con las organizacion publicas y privadas en la modernizaci\u00f3n de sus procesos de negocios con el objetivo de incrementar su productividad. Para ello implementamos productos, servicios y soluciones de gesti\u00f3n integral. <\/p>\n<\/div><\/div>\n\n\n\n<div style=\"height:100px\" aria-hidden=\"true\" class=\"wp-block-spacer\"><\/div>\n\n\n\n<p class=\"has-text-align-center has-luminous-vivid-amber-background-color has-background has-medium-font-size\">NUESTRA VISI\u00d3N<\/p>\n\n\n\n<div class=\"wp-block-media-text alignwide has-media-on-the-right is-stacked-on-mobile\"><figure class=\"wp-block-media-text__media\"><img decoding=\"async\" width=\"1024\" height=\"681\" src=\"https:\/\/unidestek.pe\/wp-content\/uploads\/2022\/03\/pexels-brett-sayles-3803517-1024x681.jpg\" alt=\"\" class=\"wp-image-2256 size-full\" srcset=\"https:\/\/unidestek.pe\/wp-content\/uploads\/2022\/03\/pexels-brett-sayles-3803517-1024x681.jpg 1024w, https:\/\/unidestek.pe\/wp-content\/uploads\/2022\/03\/pexels-brett-sayles-3803517-300x200.jpg 300w, https:\/\/unidestek.pe\/wp-content\/uploads\/2022\/03\/pexels-brett-sayles-3803517-768x511.jpg 768w, https:\/\/unidestek.pe\/wp-content\/uploads\/2022\/03\/pexels-brett-sayles-3803517-1536x1022.jpg 1536w, https:\/\/unidestek.pe\/wp-content\/uploads\/2022\/03\/pexels-brett-sayles-3803517-2048x1363.jpg 2048w, https:\/\/unidestek.pe\/wp-content\/uploads\/2022\/03\/pexels-brett-sayles-3803517-600x399.jpg 600w\" sizes=\"(max-width: 1024px) 100vw, 1024px\" \/><\/figure><div class=\"wp-block-media-text__content\">\n<p class=\"has-medium-font-size\">Ser l\u00edder global en la provisi\u00f3n de soluciones innovadoras de software, estamos comprometidos con los problemas de nuestros clientes de forma transparente y eficaz para convertirnos en su socio de confianza. <\/p>\n\n\n\n<p>Facilitar un futuro mejor basado en la tecnolog\u00eda, acelerando el desarrollo de soluciones que tengan un impacto positivo en las personas y las empresas <\/p>\n<\/div><\/div>\n\n\n\n<div style=\"height:100px\" aria-hidden=\"true\" class=\"wp-block-spacer\"><\/div>\n\n\n\n<p class=\"has-text-align-center has-white-color has-ast-global-color-3-background-color has-text-color has-background has-medium-font-size\">NUESTROS OBJETIVOS<\/p>\n\n\n\n<div class=\"wp-block-columns is-layout-flex wp-container-core-columns-is-layout-28f84493 wp-block-columns-is-layout-flex\">\n<div class=\"wp-block-column is-layout-flow wp-block-column-is-layout-flow\">\n<div class=\"wp-block-cover is-light\"><span aria-hidden=\"true\" class=\"has-background-dim-40 wp-block-cover__gradient-background has-background-dim\"><\/span><img decoding=\"async\" width=\"500\" height=\"750\" class=\"wp-block-cover__image-background wp-image-2365\" alt=\"\" src=\"https:\/\/unidestek.pe\/wp-content\/uploads\/2022\/04\/pexels-photo-5208322.webp\" data-object-fit=\"cover\" srcset=\"https:\/\/unidestek.pe\/wp-content\/uploads\/2022\/04\/pexels-photo-5208322.webp 500w, https:\/\/unidestek.pe\/wp-content\/uploads\/2022\/04\/pexels-photo-5208322-200x300.webp 200w\" sizes=\"(max-width: 500px) 100vw, 500px\" \/><div class=\"wp-block-cover__inner-container is-layout-flow wp-block-cover-is-layout-flow\">\n<p class=\"has-text-align-center has-ast-global-color-5-color has-text-color\" style=\"font-size:18px;letter-spacing:0.1px\">Proveer soluciones integrales apoyados en tecnolog\u00edas en constante evoluci\u00f3n, en todas las areas demandantes de desarrollo informatico aplicado a la gestion de todo proceso productivo, obteniendo permanente la diferenciacion por la calidad del servicio y la satisfacci\u00f3n del cliente <\/p>\n<\/div><\/div>\n\n\n\n<div style=\"height:51px\" aria-hidden=\"true\" class=\"wp-block-spacer\"><\/div>\n<\/div>\n\n\n\n<div class=\"wp-block-column is-layout-flow wp-block-column-is-layout-flow\">\n<div class=\"wp-block-cover is-light\"><span aria-hidden=\"true\" class=\"has-background-dim-40 wp-block-cover__gradient-background has-background-dim\"><\/span><img loading=\"lazy\" decoding=\"async\" width=\"1707\" height=\"2560\" class=\"wp-block-cover__image-background wp-image-2264\" alt=\"\" src=\"https:\/\/unidestek.pe\/wp-content\/uploads\/2022\/03\/pexels-karolina-grabowska-5717762-scaled.jpg\" data-object-fit=\"cover\" srcset=\"https:\/\/unidestek.pe\/wp-content\/uploads\/2022\/03\/pexels-karolina-grabowska-5717762-scaled.jpg 1707w, https:\/\/unidestek.pe\/wp-content\/uploads\/2022\/03\/pexels-karolina-grabowska-5717762-200x300.jpg 200w, https:\/\/unidestek.pe\/wp-content\/uploads\/2022\/03\/pexels-karolina-grabowska-5717762-683x1024.jpg 683w, https:\/\/unidestek.pe\/wp-content\/uploads\/2022\/03\/pexels-karolina-grabowska-5717762-768x1152.jpg 768w, https:\/\/unidestek.pe\/wp-content\/uploads\/2022\/03\/pexels-karolina-grabowska-5717762-1024x1536.jpg 1024w, https:\/\/unidestek.pe\/wp-content\/uploads\/2022\/03\/pexels-karolina-grabowska-5717762-1365x2048.jpg 1365w, https:\/\/unidestek.pe\/wp-content\/uploads\/2022\/03\/pexels-karolina-grabowska-5717762-600x900.jpg 600w\" sizes=\"(max-width: 1707px) 100vw, 1707px\" \/><div class=\"wp-block-cover__inner-container is-layout-flow wp-block-cover-is-layout-flow\">\n<p class=\"has-text-align-center has-ast-global-color-5-color has-text-color has-medium-font-size\">Ser una empresa reconocida como aliado estrat\u00e9gico de sus clientes por su calidad de respuesta y el estricto cumplimiento de los compromisos asumidos. <\/p>\n<\/div><\/div>\n\n\n\n<div style=\"height:43px\" aria-hidden=\"true\" class=\"wp-block-spacer\"><\/div>\n<\/div>\n\n\n\n<div class=\"wp-block-column is-layout-flow wp-block-column-is-layout-flow\">\n<div class=\"wp-block-cover is-light\"><span aria-hidden=\"true\" class=\"has-background-dim-40 wp-block-cover__gradient-background has-background-dim\"><\/span><img loading=\"lazy\" decoding=\"async\" width=\"1707\" height=\"2560\" class=\"wp-block-cover__image-background wp-image-2255\" alt=\"\" src=\"https:\/\/unidestek.pe\/wp-content\/uploads\/2022\/03\/pexels-antoni-shkraba-5467594-scaled.jpg\" data-object-fit=\"cover\" srcset=\"https:\/\/unidestek.pe\/wp-content\/uploads\/2022\/03\/pexels-antoni-shkraba-5467594-scaled.jpg 1707w, https:\/\/unidestek.pe\/wp-content\/uploads\/2022\/03\/pexels-antoni-shkraba-5467594-200x300.jpg 200w, https:\/\/unidestek.pe\/wp-content\/uploads\/2022\/03\/pexels-antoni-shkraba-5467594-683x1024.jpg 683w, https:\/\/unidestek.pe\/wp-content\/uploads\/2022\/03\/pexels-antoni-shkraba-5467594-768x1152.jpg 768w, https:\/\/unidestek.pe\/wp-content\/uploads\/2022\/03\/pexels-antoni-shkraba-5467594-1024x1536.jpg 1024w, https:\/\/unidestek.pe\/wp-content\/uploads\/2022\/03\/pexels-antoni-shkraba-5467594-1365x2048.jpg 1365w, https:\/\/unidestek.pe\/wp-content\/uploads\/2022\/03\/pexels-antoni-shkraba-5467594-600x900.jpg 600w\" sizes=\"(max-width: 1707px) 100vw, 1707px\" \/><div class=\"wp-block-cover__inner-container is-layout-flow wp-block-cover-is-layout-flow\">\n<p class=\"has-text-align-center has-ast-global-color-5-color has-text-color has-medium-font-size\">Desarrollar y preparar nuestro recurso humano para garantizar una cultura institucional basada en la responsabilidad, la etica, la innovaci\u00f3n y puntualidad, siendo estas nuestras bases para un crecimiento sustentable que aseguren el futuro de nuestra compa\u00f1\u00eda. <\/p>\n<\/div><\/div>\n<\/div>\n<\/div>\n\n\n\n<div style=\"height:31px\" aria-hidden=\"true\" class=\"wp-block-spacer\"><\/div>\n\n\n\n<p class=\"has-text-align-center has-luminous-vivid-amber-background-color has-background has-medium-font-size\">VALORES <\/p>\n\n\n\n<ol class=\"wp-block-list\"><li><strong>INTEGRIDAD<\/strong>: Honestos, justos y coherentes en todas nuestras acciones.<\/li><li><strong>RESPONSABILIDAD<\/strong>: Asumir compromisos y cumplirlos.<\/li><li><strong>PERFECCI\u00d3N<\/strong>: Esfuerzo continuo por elevar la calidad de nuestros trabajo, poniendo empe\u00f1o desde la primera vez. <\/li><li><strong>ESP\u00cdRITU DE EQUIPO<\/strong>: Mantener un ambiente de trabajo confortable que inspire un trabajo y fomente las relaciones humanas. <\/li><li><strong>SUPERACI\u00d3N CONTINUA<\/strong>: Renovando constantemente nuestras habilidades profesionales.<\/li><li><strong>VOCACI\u00d3N DE SERVICIO<\/strong>: Predecir y superar oportunamente, las expectativas de nuestros clientes. <\/li><\/ol>\n\n\n\n<div class=\"wp-block-image is-style-default\"><figure class=\"aligncenter size-large\"><img loading=\"lazy\" decoding=\"async\" width=\"1024\" height=\"683\" src=\"https:\/\/unidestek.pe\/wp-content\/uploads\/2022\/04\/pexels-fauxels-3184418-1024x683.jpg\" alt=\"\" class=\"wp-image-2368\" srcset=\"https:\/\/unidestek.pe\/wp-content\/uploads\/2022\/04\/pexels-fauxels-3184418-1024x683.jpg 1024w, https:\/\/unidestek.pe\/wp-content\/uploads\/2022\/04\/pexels-fauxels-3184418-300x200.jpg 300w, https:\/\/unidestek.pe\/wp-content\/uploads\/2022\/04\/pexels-fauxels-3184418-768x512.jpg 768w, https:\/\/unidestek.pe\/wp-content\/uploads\/2022\/04\/pexels-fauxels-3184418-1536x1024.jpg 1536w, https:\/\/unidestek.pe\/wp-content\/uploads\/2022\/04\/pexels-fauxels-3184418-2048x1365.jpg 2048w, https:\/\/unidestek.pe\/wp-content\/uploads\/2022\/04\/pexels-fauxels-3184418-600x400.jpg 600w\" sizes=\"(max-width: 1024px) 100vw, 1024px\" \/><\/figure><\/div>\n\n\n\n<div style=\"height:80px\" aria-hidden=\"true\" class=\"wp-block-spacer\"><\/div>\n","protected":false},"excerpt":{"rendered":"<p>NUESTRA MISI\u00d3N Somos una empresa innovadora en Servicios de Tecnologias de la Informaci\u00f3n , colaboramos con las organizacion publicas y privadas en la modernizaci\u00f3n de sus procesos de negocios con el objetivo de incrementar su productividad. Para ello implementamos productos, servicios y soluciones de gesti\u00f3n integral. NUESTRA VISI\u00d3N Ser l\u00edder global en la provisi\u00f3n de [&hellip;]<\/p>\n","protected":false},"author":2,"featured_media":0,"parent":0,"menu_order":0,"comment_status":"closed","ping_status":"closed","template":"","meta":{"site-sidebar-layout":"no-sidebar","site-content-layout":"page-builder","ast-site-content-layout":"default","site-content-style":"default","site-sidebar-style":"default","ast-global-header-display":"","ast-banner-title-visibility":"","ast-main-header-display":"","ast-hfb-above-header-display":"","ast-hfb-below-header-display":"","ast-hfb-mobile-header-display":"","site-post-title":"disabled","ast-breadcrumbs-content":"","ast-featured-img":"","footer-sml-layout":"","ast-disable-related-posts":"","theme-transparent-header-meta":"enabled","adv-header-id-meta":"","stick-header-meta":"","header-above-stick-meta":"","header-main-stick-meta":"","header-below-stick-meta":"","astra-migrate-meta-layouts":"default","ast-page-background-enabled":"default","ast-page-background-meta":{"desktop":{"background-color":"","background-image":"","background-repeat":"repeat","background-position":"center center","background-size":"auto","background-attachment":"scroll","background-type":"","background-media":"","overlay-type":"","overlay-color":"","overlay-opacity":"","overlay-gradient":""},"tablet":{"background-color":"","background-image":"","background-repeat":"repeat","background-position":"center center","background-size":"auto","background-attachment":"scroll","background-type":"","background-media":"","overlay-type":"","overlay-color":"","overlay-opacity":"","overlay-gradient":""},"mobile":{"background-color":"","background-image":"","background-repeat":"repeat","background-position":"center center","background-size":"auto","background-attachment":"scroll","background-type":"","background-media":"","overlay-type":"","overlay-color":"","overlay-opacity":"","overlay-gradient":""}},"ast-content-background-meta":{"desktop":{"background-color":"var(--ast-global-color-5)","background-image":"","background-repeat":"repeat","background-position":"center center","background-size":"auto","background-attachment":"scroll","background-type":"","background-media":"","overlay-type":"","overlay-color":"","overlay-opacity":"","overlay-gradient":""},"tablet":{"background-color":"var(--ast-global-color-5)","background-image":"","background-repeat":"repeat","background-position":"center center","background-size":"auto","background-attachment":"scroll","background-type":"","background-media":"","overlay-type":"","overlay-color":"","overlay-opacity":"","overlay-gradient":""},"mobile":{"background-color":"var(--ast-global-color-5)","background-image":"","background-repeat":"repeat","background-position":"center center","background-size":"auto","background-attachment":"scroll","background-type":"","background-media":"","overlay-type":"","overlay-color":"","overlay-opacity":"","overlay-gradient":""}},"footnotes":""},"class_list":["post-2176","page","type-page","status-publish","hentry"],"_hostinger_reach_plugin_has_subscription_block":false,"_hostinger_reach_plugin_is_elementor":false,"_links":{"self":[{"href":"https:\/\/unidestek.pe\/index.php\/wp-json\/wp\/v2\/pages\/2176","targetHints":{"allow":["GET"]}}],"collection":[{"href":"https:\/\/unidestek.pe\/index.php\/wp-json\/wp\/v2\/pages"}],"about":[{"href":"https:\/\/unidestek.pe\/index.php\/wp-json\/wp\/v2\/types\/page"}],"author":[{"embeddable":true,"href":"https:\/\/unidestek.pe\/index.php\/wp-json\/wp\/v2\/users\/2"}],"replies":[{"embeddable":true,"href":"https:\/\/unidestek.pe\/index.php\/wp-json\/wp\/v2\/comments?post=2176"}],"version-history":[{"count":13,"href":"https:\/\/unidestek.pe\/index.php\/wp-json\/wp\/v2\/pages\/2176\/revisions"}],"predecessor-version":[{"id":2568,"href":"https:\/\/unidestek.pe\/index.php\/wp-json\/wp\/v2\/pages\/2176\/revisions\/2568"}],"wp:attachment":[{"href":"https:\/\/unidestek.pe\/index.php\/wp-json\/wp\/v2\/media?parent=2176"}],"curies":[{"name":"wp","href":"https:\/\/api.w.org\/{rel}","templated":true}]}}