{"id":2389,"date":"2022-04-04T16:33:24","date_gmt":"2022-04-04T16:33:24","guid":{"rendered":"https:\/\/unidestek.pe\/?page_id=2389"},"modified":"2022-04-12T17:52:31","modified_gmt":"2022-04-12T17:52:31","slug":"servicios-gestionados","status":"publish","type":"page","link":"https:\/\/unidestek.pe\/index.php\/servicios-gestionados\/","title":{"rendered":"Servicios Gestionados"},"content":{"rendered":"\n<div style=\"height:21px\" aria-hidden=\"true\" class=\"wp-block-spacer\"><\/div>\n\n\n\n<p class=\"has-text-align-center has-luminous-vivid-amber-background-color has-background\" style=\"font-size:15px\"><strong>Entregamos un servicio personalizado dise\u00f1ado a la medida del cliente, con el fiel compromiso de cumplimiento de acuerdos de niveles de servicios contratados. <\/strong><\/p>\n\n\n\n<p style=\"font-size:15px\">Para esto hemos implementado los conceptos de innovaci\u00f3n, gesti\u00f3n de calidad, gesti\u00f3n de problemas, mejoramiento continuo, flexibilidad de trabajo en equipo, proceso de administraci\u00f3n de incidentes y requerimientos para garantizar un servicio de valor real a nuestros clientes. <\/p>\n\n\n\n<p style=\"font-size:15px\">Comprometemos el m\u00e1ximo de iniciativas basados en nuestra experiencia para resolver los incovenientes que se presenten, con mucha dedicacion en la atenci\u00f3n, procurando obtener un alto grado de satisfacci\u00f3n de nuestros clientes. Entre ellos contamos con: <\/p>\n\n\n\n<div style=\"height:31px\" aria-hidden=\"true\" class=\"wp-block-spacer\"><\/div>\n\n\n\n<div class=\"wp-block-columns is-layout-flex wp-container-core-columns-is-layout-28f84493 wp-block-columns-is-layout-flex\">\n<div class=\"wp-block-column is-layout-flow wp-block-column-is-layout-flow\">\n<div class=\"wp-block-cover\"><span aria-hidden=\"true\" class=\"wp-block-cover__gradient-background has-background-dim\"><\/span><img fetchpriority=\"high\" decoding=\"async\" width=\"1709\" height=\"2560\" class=\"wp-block-cover__image-background wp-image-2411\" alt=\"\" src=\"https:\/\/unidestek.pe\/wp-content\/uploads\/2022\/04\/pexels-pavel-danilyuk-7658238-scaled.jpg\" style=\"object-position:87% 27%\" data-object-fit=\"cover\" data-object-position=\"87% 27%\" srcset=\"https:\/\/unidestek.pe\/wp-content\/uploads\/2022\/04\/pexels-pavel-danilyuk-7658238-scaled.jpg 1709w, https:\/\/unidestek.pe\/wp-content\/uploads\/2022\/04\/pexels-pavel-danilyuk-7658238-200x300.jpg 200w, https:\/\/unidestek.pe\/wp-content\/uploads\/2022\/04\/pexels-pavel-danilyuk-7658238-684x1024.jpg 684w, https:\/\/unidestek.pe\/wp-content\/uploads\/2022\/04\/pexels-pavel-danilyuk-7658238-768x1150.jpg 768w, https:\/\/unidestek.pe\/wp-content\/uploads\/2022\/04\/pexels-pavel-danilyuk-7658238-1025x1536.jpg 1025w, https:\/\/unidestek.pe\/wp-content\/uploads\/2022\/04\/pexels-pavel-danilyuk-7658238-1367x2048.jpg 1367w, https:\/\/unidestek.pe\/wp-content\/uploads\/2022\/04\/pexels-pavel-danilyuk-7658238-600x899.jpg 600w\" sizes=\"(max-width: 1709px) 100vw, 1709px\" \/><div class=\"wp-block-cover__inner-container is-layout-flow wp-block-cover-is-layout-flow\">\n<p class=\"has-text-align-center has-black-color has-luminous-vivid-amber-background-color has-text-color has-background\" style=\"font-size:15px\">SERVICE DESK <\/p>\n<\/div><\/div>\n<\/div>\n\n\n\n<div class=\"wp-block-column is-layout-flow wp-block-column-is-layout-flow\">\n<div class=\"wp-block-cover\"><span aria-hidden=\"true\" class=\"wp-block-cover__gradient-background has-background-dim\"><\/span><img decoding=\"async\" width=\"2560\" height=\"1707\" class=\"wp-block-cover__image-background wp-image-2258\" alt=\"\" src=\"https:\/\/unidestek.pe\/wp-content\/uploads\/2022\/03\/pexels-pixabay-60504-scaled.jpg\" data-object-fit=\"cover\" srcset=\"https:\/\/unidestek.pe\/wp-content\/uploads\/2022\/03\/pexels-pixabay-60504-scaled.jpg 2560w, https:\/\/unidestek.pe\/wp-content\/uploads\/2022\/03\/pexels-pixabay-60504-300x200.jpg 300w, https:\/\/unidestek.pe\/wp-content\/uploads\/2022\/03\/pexels-pixabay-60504-1024x683.jpg 1024w, https:\/\/unidestek.pe\/wp-content\/uploads\/2022\/03\/pexels-pixabay-60504-768x512.jpg 768w, https:\/\/unidestek.pe\/wp-content\/uploads\/2022\/03\/pexels-pixabay-60504-1536x1024.jpg 1536w, https:\/\/unidestek.pe\/wp-content\/uploads\/2022\/03\/pexels-pixabay-60504-2048x1365.jpg 2048w, https:\/\/unidestek.pe\/wp-content\/uploads\/2022\/03\/pexels-pixabay-60504-600x400.jpg 600w\" sizes=\"(max-width: 2560px) 100vw, 2560px\" \/><div class=\"wp-block-cover__inner-container is-layout-flow wp-block-cover-is-layout-flow\">\n<p class=\"has-text-align-center has-black-color has-luminous-vivid-amber-background-color has-text-color has-background\" style=\"font-size:15px\">CIBERSEGURIDAD<\/p>\n<\/div><\/div>\n<\/div>\n<\/div>\n\n\n\n<div class=\"wp-block-columns is-layout-flex wp-container-core-columns-is-layout-28f84493 wp-block-columns-is-layout-flex\">\n<div class=\"wp-block-column is-layout-flow wp-block-column-is-layout-flow\">\n<div class=\"wp-block-columns is-layout-flex wp-container-core-columns-is-layout-28f84493 wp-block-columns-is-layout-flex\">\n<div class=\"wp-block-column is-layout-flow wp-block-column-is-layout-flow\">\n<div class=\"wp-block-cover is-light\"><span aria-hidden=\"true\" class=\"wp-block-cover__gradient-background has-background-dim\"><\/span><img decoding=\"async\" width=\"1707\" height=\"2560\" class=\"wp-block-cover__image-background wp-image-2423\" alt=\"\" src=\"https:\/\/unidestek.pe\/wp-content\/uploads\/2022\/04\/pexels-artem-podrez-8512442-1-scaled.jpg\" data-object-fit=\"cover\" srcset=\"https:\/\/unidestek.pe\/wp-content\/uploads\/2022\/04\/pexels-artem-podrez-8512442-1-scaled.jpg 1707w, https:\/\/unidestek.pe\/wp-content\/uploads\/2022\/04\/pexels-artem-podrez-8512442-1-200x300.jpg 200w, https:\/\/unidestek.pe\/wp-content\/uploads\/2022\/04\/pexels-artem-podrez-8512442-1-683x1024.jpg 683w, https:\/\/unidestek.pe\/wp-content\/uploads\/2022\/04\/pexels-artem-podrez-8512442-1-768x1152.jpg 768w, https:\/\/unidestek.pe\/wp-content\/uploads\/2022\/04\/pexels-artem-podrez-8512442-1-1024x1536.jpg 1024w, https:\/\/unidestek.pe\/wp-content\/uploads\/2022\/04\/pexels-artem-podrez-8512442-1-1365x2048.jpg 1365w, https:\/\/unidestek.pe\/wp-content\/uploads\/2022\/04\/pexels-artem-podrez-8512442-1-600x900.jpg 600w\" sizes=\"(max-width: 1707px) 100vw, 1707px\" \/><div class=\"wp-block-cover__inner-container is-layout-flow wp-block-cover-is-layout-flow\">\n<p class=\"has-text-align-center has-luminous-vivid-amber-background-color has-background\" style=\"font-size:15px\">IMPRESI\u00d3N Y DE DIGITALIZACI\u00d3N DE DOCUMENTOS<\/p>\n<\/div><\/div>\n<\/div>\n\n\n\n<div class=\"wp-block-column is-layout-flow wp-block-column-is-layout-flow\">\n<div class=\"wp-block-cover\"><span aria-hidden=\"true\" class=\"wp-block-cover__gradient-background has-background-dim\"><\/span><img loading=\"lazy\" decoding=\"async\" width=\"2560\" height=\"1700\" class=\"wp-block-cover__image-background wp-image-2453\" alt=\"\" src=\"https:\/\/unidestek.pe\/wp-content\/uploads\/2022\/04\/pexels-pixabay-4158-scaled.jpg\" data-object-fit=\"cover\" srcset=\"https:\/\/unidestek.pe\/wp-content\/uploads\/2022\/04\/pexels-pixabay-4158-scaled.jpg 2560w, https:\/\/unidestek.pe\/wp-content\/uploads\/2022\/04\/pexels-pixabay-4158-300x199.jpg 300w, https:\/\/unidestek.pe\/wp-content\/uploads\/2022\/04\/pexels-pixabay-4158-1024x680.jpg 1024w, https:\/\/unidestek.pe\/wp-content\/uploads\/2022\/04\/pexels-pixabay-4158-768x510.jpg 768w, https:\/\/unidestek.pe\/wp-content\/uploads\/2022\/04\/pexels-pixabay-4158-1536x1020.jpg 1536w, https:\/\/unidestek.pe\/wp-content\/uploads\/2022\/04\/pexels-pixabay-4158-2048x1360.jpg 2048w, https:\/\/unidestek.pe\/wp-content\/uploads\/2022\/04\/pexels-pixabay-4158-600x399.jpg 600w\" sizes=\"(max-width: 2560px) 100vw, 2560px\" \/><div class=\"wp-block-cover__inner-container is-layout-flow wp-block-cover-is-layout-flow\">\n<p class=\"has-text-align-center has-black-color has-luminous-vivid-amber-background-color has-text-color has-background\" style=\"font-size:15px\">VENTA Y\/O ARRENDAMIENTO  DE EQUIPOS DE TI Y ENERG\u00cdA<\/p>\n<\/div><\/div>\n<\/div>\n<\/div>\n<\/div>\n<\/div>\n\n\n\n<div class=\"wp-block-columns is-layout-flex wp-container-core-columns-is-layout-28f84493 wp-block-columns-is-layout-flex\">\n<div class=\"wp-block-column is-layout-flow wp-block-column-is-layout-flow\">\n<div class=\"wp-block-columns is-layout-flex wp-container-core-columns-is-layout-28f84493 wp-block-columns-is-layout-flex\">\n<div class=\"wp-block-column is-layout-flow wp-block-column-is-layout-flow\">\n<div class=\"wp-block-cover is-light\"><span aria-hidden=\"true\" class=\"wp-block-cover__gradient-background has-background-dim\"><\/span><img loading=\"lazy\" decoding=\"async\" width=\"2560\" height=\"1708\" class=\"wp-block-cover__image-background wp-image-2426\" alt=\"\" src=\"https:\/\/unidestek.pe\/wp-content\/uploads\/2022\/04\/pexels-fauxels-3183197-1-scaled.jpg\" data-object-fit=\"cover\" srcset=\"https:\/\/unidestek.pe\/wp-content\/uploads\/2022\/04\/pexels-fauxels-3183197-1-scaled.jpg 2560w, https:\/\/unidestek.pe\/wp-content\/uploads\/2022\/04\/pexels-fauxels-3183197-1-300x200.jpg 300w, https:\/\/unidestek.pe\/wp-content\/uploads\/2022\/04\/pexels-fauxels-3183197-1-1024x683.jpg 1024w, https:\/\/unidestek.pe\/wp-content\/uploads\/2022\/04\/pexels-fauxels-3183197-1-768x513.jpg 768w, https:\/\/unidestek.pe\/wp-content\/uploads\/2022\/04\/pexels-fauxels-3183197-1-1536x1025.jpg 1536w, https:\/\/unidestek.pe\/wp-content\/uploads\/2022\/04\/pexels-fauxels-3183197-1-2048x1367.jpg 2048w, https:\/\/unidestek.pe\/wp-content\/uploads\/2022\/04\/pexels-fauxels-3183197-1-600x400.jpg 600w\" sizes=\"(max-width: 2560px) 100vw, 2560px\" \/><div class=\"wp-block-cover__inner-container is-layout-flow wp-block-cover-is-layout-flow\">\n<p class=\"has-text-align-center has-luminous-vivid-amber-background-color has-background\" style=\"font-size:15px\">PROYECTOS Y CONSULTOR\u00cdAS TI<\/p>\n<\/div><\/div>\n<\/div>\n\n\n\n<div class=\"wp-block-column is-layout-flow wp-block-column-is-layout-flow\">\n<div class=\"wp-block-cover is-light\"><span aria-hidden=\"true\" class=\"wp-block-cover__gradient-background has-background-dim\"><\/span><img loading=\"lazy\" decoding=\"async\" width=\"2560\" height=\"1709\" class=\"wp-block-cover__image-background wp-image-2445\" alt=\"\" src=\"https:\/\/unidestek.pe\/wp-content\/uploads\/2022\/04\/pexels-anete-lusina-4792285-scaled.jpg\" data-object-fit=\"cover\" srcset=\"https:\/\/unidestek.pe\/wp-content\/uploads\/2022\/04\/pexels-anete-lusina-4792285-scaled.jpg 2560w, https:\/\/unidestek.pe\/wp-content\/uploads\/2022\/04\/pexels-anete-lusina-4792285-300x200.jpg 300w, https:\/\/unidestek.pe\/wp-content\/uploads\/2022\/04\/pexels-anete-lusina-4792285-1024x684.jpg 1024w, https:\/\/unidestek.pe\/wp-content\/uploads\/2022\/04\/pexels-anete-lusina-4792285-768x513.jpg 768w, https:\/\/unidestek.pe\/wp-content\/uploads\/2022\/04\/pexels-anete-lusina-4792285-1536x1025.jpg 1536w, https:\/\/unidestek.pe\/wp-content\/uploads\/2022\/04\/pexels-anete-lusina-4792285-2048x1367.jpg 2048w, https:\/\/unidestek.pe\/wp-content\/uploads\/2022\/04\/pexels-anete-lusina-4792285-600x401.jpg 600w\" sizes=\"(max-width: 2560px) 100vw, 2560px\" \/><div class=\"wp-block-cover__inner-container is-layout-flow wp-block-cover-is-layout-flow\">\n<p class=\"has-text-align-center has-luminous-vivid-amber-background-color has-background\" style=\"font-size:15px\">DESTRUCCI\u00d3N CERTIFICADA DE DOCUMENTOS<\/p>\n<\/div><\/div>\n<\/div>\n<\/div>\n<\/div>\n<\/div>\n\n\n\n<div class=\"wp-block-columns is-layout-flex wp-container-core-columns-is-layout-28f84493 wp-block-columns-is-layout-flex\">\n<div class=\"wp-block-column is-layout-flow wp-block-column-is-layout-flow\">\n<div class=\"wp-block-cover\"><span aria-hidden=\"true\" class=\"wp-block-cover__gradient-background has-background-dim\"><\/span><img loading=\"lazy\" decoding=\"async\" width=\"1707\" height=\"2560\" class=\"wp-block-cover__image-background wp-image-2422\" alt=\"\" src=\"https:\/\/unidestek.pe\/wp-content\/uploads\/2022\/04\/pexels-tiger-lily-4480983-1-scaled.jpg\" style=\"object-position:65% 29%\" data-object-fit=\"cover\" data-object-position=\"65% 29%\" srcset=\"https:\/\/unidestek.pe\/wp-content\/uploads\/2022\/04\/pexels-tiger-lily-4480983-1-scaled.jpg 1707w, https:\/\/unidestek.pe\/wp-content\/uploads\/2022\/04\/pexels-tiger-lily-4480983-1-200x300.jpg 200w, https:\/\/unidestek.pe\/wp-content\/uploads\/2022\/04\/pexels-tiger-lily-4480983-1-683x1024.jpg 683w, https:\/\/unidestek.pe\/wp-content\/uploads\/2022\/04\/pexels-tiger-lily-4480983-1-768x1152.jpg 768w, https:\/\/unidestek.pe\/wp-content\/uploads\/2022\/04\/pexels-tiger-lily-4480983-1-1024x1536.jpg 1024w, https:\/\/unidestek.pe\/wp-content\/uploads\/2022\/04\/pexels-tiger-lily-4480983-1-1365x2048.jpg 1365w, https:\/\/unidestek.pe\/wp-content\/uploads\/2022\/04\/pexels-tiger-lily-4480983-1-600x900.jpg 600w\" sizes=\"(max-width: 1707px) 100vw, 1707px\" \/><div class=\"wp-block-cover__inner-container is-layout-flow wp-block-cover-is-layout-flow\">\n<p class=\"has-text-align-center has-black-color has-luminous-vivid-amber-background-color has-text-color has-background\" style=\"font-size:15px\">GESTI\u00d3N DE INVENTARIOS ACTIVOS TANGIBLES E INTANGIBLES<\/p>\n<\/div><\/div>\n<\/div>\n\n\n\n<div class=\"wp-block-column is-layout-flow wp-block-column-is-layout-flow\">\n<div class=\"wp-block-cover is-light\"><span aria-hidden=\"true\" class=\"wp-block-cover__gradient-background has-background-dim\"><\/span><img loading=\"lazy\" decoding=\"async\" width=\"2560\" height=\"1708\" class=\"wp-block-cover__image-background wp-image-2421\" alt=\"\" src=\"https:\/\/unidestek.pe\/wp-content\/uploads\/2022\/04\/pexels-thisisengineering-3862632-1-scaled.jpg\" data-object-fit=\"cover\" srcset=\"https:\/\/unidestek.pe\/wp-content\/uploads\/2022\/04\/pexels-thisisengineering-3862632-1-scaled.jpg 2560w, https:\/\/unidestek.pe\/wp-content\/uploads\/2022\/04\/pexels-thisisengineering-3862632-1-300x200.jpg 300w, https:\/\/unidestek.pe\/wp-content\/uploads\/2022\/04\/pexels-thisisengineering-3862632-1-1024x683.jpg 1024w, https:\/\/unidestek.pe\/wp-content\/uploads\/2022\/04\/pexels-thisisengineering-3862632-1-768x512.jpg 768w, https:\/\/unidestek.pe\/wp-content\/uploads\/2022\/04\/pexels-thisisengineering-3862632-1-1536x1025.jpg 1536w\" sizes=\"(max-width: 2560px) 100vw, 2560px\" \/><div class=\"wp-block-cover__inner-container is-layout-flow wp-block-cover-is-layout-flow\">\n<p class=\"has-text-align-center has-black-color has-luminous-vivid-amber-background-color has-text-color has-background\" style=\"font-size:15px\">PROYECTOS DE CABLEADO ESTRUCTURADO <br>Y CONSTRUCCI\u00d3N DE DATACENTER<\/p>\n<\/div><\/div>\n<\/div>\n<\/div>\n","protected":false},"excerpt":{"rendered":"<p>Entregamos un servicio personalizado dise\u00f1ado a la medida del cliente, con el fiel compromiso de cumplimiento de acuerdos de niveles de servicios contratados. Para esto hemos implementado los conceptos de innovaci\u00f3n, gesti\u00f3n de calidad, gesti\u00f3n de problemas, mejoramiento continuo, flexibilidad de trabajo en equipo, proceso de administraci\u00f3n de incidentes y requerimientos para garantizar un servicio [&hellip;]<\/p>\n","protected":false},"author":2,"featured_media":0,"parent":0,"menu_order":0,"comment_status":"closed","ping_status":"closed","template":"","meta":{"site-sidebar-layout":"default","site-content-layout":"","ast-site-content-layout":"default","site-content-style":"default","site-sidebar-style":"default","ast-global-header-display":"","ast-banner-title-visibility":"","ast-main-header-display":"","ast-hfb-above-header-display":"","ast-hfb-below-header-display":"","ast-hfb-mobile-header-display":"","site-post-title":"","ast-breadcrumbs-content":"","ast-featured-img":"","footer-sml-layout":"","ast-disable-related-posts":"","theme-transparent-header-meta":"","adv-header-id-meta":"","stick-header-meta":"","header-above-stick-meta":"","header-main-stick-meta":"","header-below-stick-meta":"","astra-migrate-meta-layouts":"default","ast-page-background-enabled":"default","ast-page-background-meta":{"desktop":{"background-color":"","background-image":"","background-repeat":"repeat","background-position":"center center","background-size":"auto","background-attachment":"scroll","background-type":"","background-media":"","overlay-type":"","overlay-color":"","overlay-opacity":"","overlay-gradient":""},"tablet":{"background-color":"","background-image":"","background-repeat":"repeat","background-position":"center center","background-size":"auto","background-attachment":"scroll","background-type":"","background-media":"","overlay-type":"","overlay-color":"","overlay-opacity":"","overlay-gradient":""},"mobile":{"background-color":"","background-image":"","background-repeat":"repeat","background-position":"center center","background-size":"auto","background-attachment":"scroll","background-type":"","background-media":"","overlay-type":"","overlay-color":"","overlay-opacity":"","overlay-gradient":""}},"ast-content-background-meta":{"desktop":{"background-color":"var(--ast-global-color-5)","background-image":"","background-repeat":"repeat","background-position":"center center","background-size":"auto","background-attachment":"scroll","background-type":"","background-media":"","overlay-type":"","overlay-color":"","overlay-opacity":"","overlay-gradient":""},"tablet":{"background-color":"var(--ast-global-color-5)","background-image":"","background-repeat":"repeat","background-position":"center center","background-size":"auto","background-attachment":"scroll","background-type":"","background-media":"","overlay-type":"","overlay-color":"","overlay-opacity":"","overlay-gradient":""},"mobile":{"background-color":"var(--ast-global-color-5)","background-image":"","background-repeat":"repeat","background-position":"center center","background-size":"auto","background-attachment":"scroll","background-type":"","background-media":"","overlay-type":"","overlay-color":"","overlay-opacity":"","overlay-gradient":""}},"footnotes":""},"class_list":["post-2389","page","type-page","status-publish","hentry"],"_hostinger_reach_plugin_has_subscription_block":false,"_hostinger_reach_plugin_is_elementor":false,"_links":{"self":[{"href":"https:\/\/unidestek.pe\/index.php\/wp-json\/wp\/v2\/pages\/2389","targetHints":{"allow":["GET"]}}],"collection":[{"href":"https:\/\/unidestek.pe\/index.php\/wp-json\/wp\/v2\/pages"}],"about":[{"href":"https:\/\/unidestek.pe\/index.php\/wp-json\/wp\/v2\/types\/page"}],"author":[{"embeddable":true,"href":"https:\/\/unidestek.pe\/index.php\/wp-json\/wp\/v2\/users\/2"}],"replies":[{"embeddable":true,"href":"https:\/\/unidestek.pe\/index.php\/wp-json\/wp\/v2\/comments?post=2389"}],"version-history":[{"count":10,"href":"https:\/\/unidestek.pe\/index.php\/wp-json\/wp\/v2\/pages\/2389\/revisions"}],"predecessor-version":[{"id":2570,"href":"https:\/\/unidestek.pe\/index.php\/wp-json\/wp\/v2\/pages\/2389\/revisions\/2570"}],"wp:attachment":[{"href":"https:\/\/unidestek.pe\/index.php\/wp-json\/wp\/v2\/media?parent=2389"}],"curies":[{"name":"wp","href":"https:\/\/api.w.org\/{rel}","templated":true}]}}