{"id":2393,"date":"2022-04-04T16:34:12","date_gmt":"2022-04-04T16:34:12","guid":{"rendered":"https:\/\/unidestek.pe\/?page_id=2393"},"modified":"2022-04-12T17:19:12","modified_gmt":"2022-04-12T17:19:12","slug":"infraestructura-ip","status":"publish","type":"page","link":"https:\/\/unidestek.pe\/index.php\/infraestructura-ip\/","title":{"rendered":"Infraestructura TI"},"content":{"rendered":"\n<p>UNIDESTEK Asociados cuenta con un staff de profesionales especializados, con experiencias y alto grado de conocimientos en plataformas de microinform\u00e1tica para entregar una atenci\u00f3n acorde a los tiempos de respuesta y de soluci\u00f3n requeridos por el cliente para la atenci\u00f3n de incidencias. <\/p>\n\n\n\n<p>Los servicios asociados a Infraestructura abarcan desde el Leasing y\/o venta de equipos inform\u00e1ticos, as\u00ed como el mantenimiento predictivo, correctivo y preventivo. Para el control y supervisi\u00f3n de gran parte de los servicios mencionados Unidestek Asociados dispone de personal calificado para proyectos que gestionar\u00e1n las actividades, as\u00ed como tambi\u00e9n reportar\u00e1n estados de avance.<\/p>\n\n\n\n<div style=\"height:100px\" aria-hidden=\"true\" class=\"wp-block-spacer\"><\/div>\n\n\n\n<div class=\"wp-block-columns is-layout-flex wp-container-core-columns-is-layout-28f84493 wp-block-columns-is-layout-flex\">\n<div class=\"wp-block-column is-layout-flow wp-block-column-is-layout-flow\">\n<div class=\"wp-block-cover\"><span aria-hidden=\"true\" class=\"has-background-dim-80 wp-block-cover__gradient-background has-background-dim\"><\/span><img fetchpriority=\"high\" decoding=\"async\" width=\"2560\" height=\"1707\" class=\"wp-block-cover__image-background wp-image-2538\" alt=\"\" src=\"https:\/\/unidestek.pe\/wp-content\/uploads\/2022\/04\/pexels-markus-spiske-330771-scaled.jpg\" data-object-fit=\"cover\" srcset=\"https:\/\/unidestek.pe\/wp-content\/uploads\/2022\/04\/pexels-markus-spiske-330771-scaled.jpg 2560w, https:\/\/unidestek.pe\/wp-content\/uploads\/2022\/04\/pexels-markus-spiske-330771-300x200.jpg 300w, https:\/\/unidestek.pe\/wp-content\/uploads\/2022\/04\/pexels-markus-spiske-330771-1024x683.jpg 1024w, https:\/\/unidestek.pe\/wp-content\/uploads\/2022\/04\/pexels-markus-spiske-330771-768x512.jpg 768w, https:\/\/unidestek.pe\/wp-content\/uploads\/2022\/04\/pexels-markus-spiske-330771-1536x1024.jpg 1536w, https:\/\/unidestek.pe\/wp-content\/uploads\/2022\/04\/pexels-markus-spiske-330771-2048x1365.jpg 2048w, https:\/\/unidestek.pe\/wp-content\/uploads\/2022\/04\/pexels-markus-spiske-330771-600x400.jpg 600w\" sizes=\"(max-width: 2560px) 100vw, 2560px\" \/><div class=\"wp-block-cover__inner-container is-layout-flow wp-block-cover-is-layout-flow\">\n<p class=\"has-text-align-center has-black-color has-ast-global-color-0-background-color has-text-color has-background\" style=\"font-size:15px\">RECUPERACI\u00d3N DE DATOS<\/p>\n<\/div><\/div>\n<\/div>\n\n\n\n<div class=\"wp-block-column is-layout-flow wp-block-column-is-layout-flow\">\n<div class=\"wp-block-cover\"><span aria-hidden=\"true\" class=\"wp-block-cover__gradient-background has-background-dim\"><\/span><img decoding=\"async\" width=\"2560\" height=\"1707\" class=\"wp-block-cover__image-background wp-image-2539\" alt=\"\" src=\"https:\/\/unidestek.pe\/wp-content\/uploads\/2022\/04\/pexels-josh-sorenson-1714208-scaled.jpg\" data-object-fit=\"cover\" srcset=\"https:\/\/unidestek.pe\/wp-content\/uploads\/2022\/04\/pexels-josh-sorenson-1714208-scaled.jpg 2560w, https:\/\/unidestek.pe\/wp-content\/uploads\/2022\/04\/pexels-josh-sorenson-1714208-300x200.jpg 300w, https:\/\/unidestek.pe\/wp-content\/uploads\/2022\/04\/pexels-josh-sorenson-1714208-1024x683.jpg 1024w, https:\/\/unidestek.pe\/wp-content\/uploads\/2022\/04\/pexels-josh-sorenson-1714208-768x512.jpg 768w, https:\/\/unidestek.pe\/wp-content\/uploads\/2022\/04\/pexels-josh-sorenson-1714208-1536x1024.jpg 1536w, https:\/\/unidestek.pe\/wp-content\/uploads\/2022\/04\/pexels-josh-sorenson-1714208-2048x1365.jpg 2048w, https:\/\/unidestek.pe\/wp-content\/uploads\/2022\/04\/pexels-josh-sorenson-1714208-600x400.jpg 600w\" sizes=\"(max-width: 2560px) 100vw, 2560px\" \/><div class=\"wp-block-cover__inner-container is-layout-flow wp-block-cover-is-layout-flow\">\n<p class=\"has-text-align-center has-black-color has-luminous-vivid-amber-background-color has-text-color has-background\" style=\"font-size:15px\">ROLL-OUTS TECNOL\u00d3GICOS <\/p>\n<\/div><\/div>\n<\/div>\n\n\n\n<div class=\"wp-block-column is-layout-flow wp-block-column-is-layout-flow\">\n<div class=\"wp-block-cover is-light\"><span aria-hidden=\"true\" class=\"wp-block-cover__gradient-background has-background-dim\"><\/span><img decoding=\"async\" width=\"2560\" height=\"1709\" class=\"wp-block-cover__image-background wp-image-2540\" alt=\"\" src=\"https:\/\/unidestek.pe\/wp-content\/uploads\/2022\/04\/pexels-christina-morillo-1181271-scaled.jpg\" data-object-fit=\"cover\" srcset=\"https:\/\/unidestek.pe\/wp-content\/uploads\/2022\/04\/pexels-christina-morillo-1181271-scaled.jpg 2560w, https:\/\/unidestek.pe\/wp-content\/uploads\/2022\/04\/pexels-christina-morillo-1181271-300x200.jpg 300w, https:\/\/unidestek.pe\/wp-content\/uploads\/2022\/04\/pexels-christina-morillo-1181271-1024x684.jpg 1024w, https:\/\/unidestek.pe\/wp-content\/uploads\/2022\/04\/pexels-christina-morillo-1181271-768x513.jpg 768w, https:\/\/unidestek.pe\/wp-content\/uploads\/2022\/04\/pexels-christina-morillo-1181271-1536x1025.jpg 1536w, https:\/\/unidestek.pe\/wp-content\/uploads\/2022\/04\/pexels-christina-morillo-1181271-2048x1367.jpg 2048w, https:\/\/unidestek.pe\/wp-content\/uploads\/2022\/04\/pexels-christina-morillo-1181271-600x401.jpg 600w\" sizes=\"(max-width: 2560px) 100vw, 2560px\" \/><div class=\"wp-block-cover__inner-container is-layout-flow wp-block-cover-is-layout-flow\">\n<p class=\"has-text-align-center has-ast-global-color-3-color has-luminous-vivid-amber-background-color has-text-color has-background\" style=\"font-size:15px\">ALMACENAMIENTO<\/p>\n<\/div><\/div>\n<\/div>\n<\/div>\n\n\n\n<p><\/p>\n","protected":false},"excerpt":{"rendered":"<p>UNIDESTEK Asociados cuenta con un staff de profesionales especializados, con experiencias y alto grado de conocimientos en plataformas de microinform\u00e1tica para entregar una atenci\u00f3n acorde a los tiempos de respuesta y de soluci\u00f3n requeridos por el cliente para la atenci\u00f3n de incidencias. Los servicios asociados a Infraestructura abarcan desde el Leasing y\/o venta de equipos [&hellip;]<\/p>\n","protected":false},"author":2,"featured_media":0,"parent":0,"menu_order":0,"comment_status":"closed","ping_status":"closed","template":"","meta":{"site-sidebar-layout":"default","site-content-layout":"","ast-site-content-layout":"default","site-content-style":"default","site-sidebar-style":"default","ast-global-header-display":"","ast-banner-title-visibility":"","ast-main-header-display":"","ast-hfb-above-header-display":"","ast-hfb-below-header-display":"","ast-hfb-mobile-header-display":"","site-post-title":"","ast-breadcrumbs-content":"","ast-featured-img":"","footer-sml-layout":"","ast-disable-related-posts":"","theme-transparent-header-meta":"","adv-header-id-meta":"","stick-header-meta":"","header-above-stick-meta":"","header-main-stick-meta":"","header-below-stick-meta":"","astra-migrate-meta-layouts":"default","ast-page-background-enabled":"default","ast-page-background-meta":{"desktop":{"background-color":"","background-image":"","background-repeat":"repeat","background-position":"center center","background-size":"auto","background-attachment":"scroll","background-type":"","background-media":"","overlay-type":"","overlay-color":"","overlay-opacity":"","overlay-gradient":""},"tablet":{"background-color":"","background-image":"","background-repeat":"repeat","background-position":"center center","background-size":"auto","background-attachment":"scroll","background-type":"","background-media":"","overlay-type":"","overlay-color":"","overlay-opacity":"","overlay-gradient":""},"mobile":{"background-color":"","background-image":"","background-repeat":"repeat","background-position":"center center","background-size":"auto","background-attachment":"scroll","background-type":"","background-media":"","overlay-type":"","overlay-color":"","overlay-opacity":"","overlay-gradient":""}},"ast-content-background-meta":{"desktop":{"background-color":"var(--ast-global-color-5)","background-image":"","background-repeat":"repeat","background-position":"center center","background-size":"auto","background-attachment":"scroll","background-type":"","background-media":"","overlay-type":"","overlay-color":"","overlay-opacity":"","overlay-gradient":""},"tablet":{"background-color":"var(--ast-global-color-5)","background-image":"","background-repeat":"repeat","background-position":"center center","background-size":"auto","background-attachment":"scroll","background-type":"","background-media":"","overlay-type":"","overlay-color":"","overlay-opacity":"","overlay-gradient":""},"mobile":{"background-color":"var(--ast-global-color-5)","background-image":"","background-repeat":"repeat","background-position":"center center","background-size":"auto","background-attachment":"scroll","background-type":"","background-media":"","overlay-type":"","overlay-color":"","overlay-opacity":"","overlay-gradient":""}},"footnotes":""},"class_list":["post-2393","page","type-page","status-publish","hentry"],"_hostinger_reach_plugin_has_subscription_block":false,"_hostinger_reach_plugin_is_elementor":false,"_links":{"self":[{"href":"https:\/\/unidestek.pe\/index.php\/wp-json\/wp\/v2\/pages\/2393","targetHints":{"allow":["GET"]}}],"collection":[{"href":"https:\/\/unidestek.pe\/index.php\/wp-json\/wp\/v2\/pages"}],"about":[{"href":"https:\/\/unidestek.pe\/index.php\/wp-json\/wp\/v2\/types\/page"}],"author":[{"embeddable":true,"href":"https:\/\/unidestek.pe\/index.php\/wp-json\/wp\/v2\/users\/2"}],"replies":[{"embeddable":true,"href":"https:\/\/unidestek.pe\/index.php\/wp-json\/wp\/v2\/comments?post=2393"}],"version-history":[{"count":5,"href":"https:\/\/unidestek.pe\/index.php\/wp-json\/wp\/v2\/pages\/2393\/revisions"}],"predecessor-version":[{"id":2562,"href":"https:\/\/unidestek.pe\/index.php\/wp-json\/wp\/v2\/pages\/2393\/revisions\/2562"}],"wp:attachment":[{"href":"https:\/\/unidestek.pe\/index.php\/wp-json\/wp\/v2\/media?parent=2393"}],"curies":[{"name":"wp","href":"https:\/\/api.w.org\/{rel}","templated":true}]}}